{"id":119,"date":"2010-03-17T13:12:55","date_gmt":"2010-03-17T12:12:55","guid":{"rendered":"http:\/\/www.ultima-raka.de\/test\/?page_id=119"},"modified":"2015-09-04T20:50:02","modified_gmt":"2015-09-04T18:50:02","slug":"spendentonne","status":"publish","type":"page","link":"https:\/\/archiv.ultima-raka.de\/?page_id=119","title":{"rendered":"Spendentonne"},"content":{"rendered":"<p>&nbsp;<\/p>\n<p style=\"text-align: justify;\"><img loading=\"lazy\" decoding=\"async\" class=\"alignleft\" style=\"float: left; margin: 0px 8px 0px 0;\" title=\"Spendentonne\" src=\"\/page\/wp-content\/themes\/connections-texthelden\/img\/tonne.gif\" alt=\"\" width=\"198\" height=\"262\" \/><strong>Die zwei Spendentonnen befinden sich auf dem Vorplatz der Nordtrib\u00fcne und geben jedem von euch die M\u00f6glichkeit ein kleines St\u00fcck zu den Choreographien beizutragen, indem ihr einfach euren Pfandbecher in einer der Tonnen versenkt. Euer Pfand geht direkt in die Choreokasse, also das Spendenkonto von Ultima Raka.<\/strong><\/p>\n<p style=\"text-align: justify;\"><strong>Wir danken euch allen und Prost!<\/strong><\/p>\n","protected":false},"excerpt":{"rendered":"<p>&nbsp; Die zwei Spendentonnen befinden sich auf dem Vorplatz der Nordtrib\u00fcne und geben jedem von euch die M\u00f6glichkeit ein kleines St\u00fcck zu den Choreographien beizutragen, indem ihr einfach euren Pfandbecher in einer der Tonnen versenkt. Euer Pfand geht direkt in die Choreokasse, also das Spendenkonto von Ultima Raka. Wir danken euch allen und Prost!<\/p>\n","protected":false},"author":1,"featured_media":0,"parent":0,"menu_order":7,"comment_status":"open","ping_status":"open","template":"","meta":{"ngg_post_thumbnail":0,"footnotes":""},"class_list":["post-119","page","type-page","status-publish","hentry"],"_links":{"self":[{"href":"https:\/\/archiv.ultima-raka.de\/index.php?rest_route=\/wp\/v2\/pages\/119","targetHints":{"allow":["GET"]}}],"collection":[{"href":"https:\/\/archiv.ultima-raka.de\/index.php?rest_route=\/wp\/v2\/pages"}],"about":[{"href":"https:\/\/archiv.ultima-raka.de\/index.php?rest_route=\/wp\/v2\/types\/page"}],"author":[{"embeddable":true,"href":"https:\/\/archiv.ultima-raka.de\/index.php?rest_route=\/wp\/v2\/users\/1"}],"replies":[{"embeddable":true,"href":"https:\/\/archiv.ultima-raka.de\/index.php?rest_route=%2Fwp%2Fv2%2Fcomments&post=119"}],"version-history":[{"count":0,"href":"https:\/\/archiv.ultima-raka.de\/index.php?rest_route=\/wp\/v2\/pages\/119\/revisions"}],"wp:attachment":[{"href":"https:\/\/archiv.ultima-raka.de\/index.php?rest_route=%2Fwp%2Fv2%2Fmedia&parent=119"}],"curies":[{"name":"wp","href":"https:\/\/api.w.org\/{rel}","templated":true}]}}